{"id":2644,"date":"2024-05-20T17:22:37","date_gmt":"2024-05-20T15:22:37","guid":{"rendered":"https:\/\/oifneuss.de\/wp\/?page_id=2644"},"modified":"2024-05-24T12:37:29","modified_gmt":"2024-05-24T10:37:29","slug":"kroenungsfeier-fuer-michael-ii-und-tina-ii","status":"publish","type":"page","link":"https:\/\/oifneuss.de\/wp\/kroenungsfeier-fuer-michael-ii-und-tina-ii\/","title":{"rendered":"2024 Kr\u00f6nungsfeier f\u00fcr Michael I. und Tina I."},"content":{"rendered":"<p>[et_pb_section fb_built=&#8220;1&#8243; _builder_version=&#8220;4.25.1&#8243; _module_preset=&#8220;default&#8220; background_image=&#8220;https:\/\/oifneuss.de\/wp\/wp-content\/uploads\/2024\/05\/IMG_1025-scaled.jpg&#8220; min_height=&#8220;892px&#8220; custom_margin=&#8220;||1px|||&#8220; custom_padding=&#8220;74px|||||&#8220; global_colors_info=&#8220;{}&#8220;][et_pb_row _builder_version=&#8220;4.25.1&#8243; _module_preset=&#8220;default&#8220; min_height=&#8220;88px&#8220; custom_padding=&#8220;||0px|||&#8220; global_colors_info=&#8220;{}&#8220;][et_pb_column type=&#8220;4_4&#8243; _builder_version=&#8220;4.25.1&#8243; _module_preset=&#8220;default&#8220; global_colors_info=&#8220;{}&#8220;][et_pb_text _builder_version=&#8220;4.25.1&#8243; _module_preset=&#8220;default&#8220; global_colors_info=&#8220;{}&#8220;]<\/p>\n<h1 style=\"text-align: center;\"><span style=\"color: #ffffff;\"><strong>2024 K\u00f6nig Michael I. und seine K\u00f6nigin Tina I.<\/strong><\/span><\/h1>\n<p>[\/et_pb_text][\/et_pb_column][\/et_pb_row][\/et_pb_section][et_pb_section fb_built=&#8220;1&#8243; _builder_version=&#8220;4.25.1&#8243; _module_preset=&#8220;default&#8220; custom_padding=&#8220;0px||4px|||&#8220; global_colors_info=&#8220;{}&#8220;][et_pb_row _builder_version=&#8220;4.25.1&#8243; _module_preset=&#8220;default&#8220; global_colors_info=&#8220;{}&#8220;][et_pb_column type=&#8220;4_4&#8243; _builder_version=&#8220;4.25.1&#8243; _module_preset=&#8220;default&#8220; global_colors_info=&#8220;{}&#8220;][et_pb_text _builder_version=&#8220;4.25.1&#8243; _module_preset=&#8220;default&#8220; text_font_size=&#8220;15px&#8220; custom_margin=&#8220;||-25px|||&#8220; global_colors_info=&#8220;{}&#8220;]<\/p>\n<p style=\"font-weight: 400;\"><strong><span style=\"color: #000000;\">Das Jahr des Spie\u00dfes ist angebrochen, ob barmherzig, oder ob er mit Will und K\u00fcr regiert, werden wir mit Spannung erwarten.<\/span><\/strong><\/p>\n<p style=\"font-weight: 400;\"><span style=\"color: #000000;\">Alle waren gekommen um den neuen K\u00f6nig und seine liebreizende K\u00f6nigin am 19.05.2024 in den sp\u00e4ten Nachmittagsstunden in den Parkanlagen auf der Rheydter Stra\u00dfe zu kr\u00f6nen.\u00a0<\/span><\/p>\n<p style=\"font-weight: 400;\"><span style=\"color: #000000;\">Der Oberleutnant er\u00f6ffnete mit einem Dank an des \u201ealte\u201c K\u00f6nigspaar Bernd I. und Kerstin I., deren offizielle Amtszeit mit dem heutigen Tag enden sollte.<\/span><\/p>\n<p style=\"font-weight: 400;\"><span style=\"color: #000000;\">Doch vorab wurde von Felix eine Laudatio vorgetragen, die das Wirken und Leben des Spie\u00dfes seit Bestehen des Sch\u00fctzenzuges <strong>Op Immer Fr\u00fcnde <\/strong>in allen Facetten wortgewaltig ausmalte.<\/span><\/p>\n<p style=\"font-weight: 400;\"><span style=\"color: #000000;\">Die eloquente Rede an die G\u00e4ste und Sch\u00fctzenbr\u00fcder informierte \u00fcber die Licht- und Schattenseiten des zuk\u00fcnftigen K\u00f6nigs, der nicht faul, auch sofort die ersten zu erwartenden Strafen und Androhungen f\u00fcr die n\u00e4chste Zugsau ins Volk brachte. (Doppelzwinker Smiley)<\/span><\/p>\n<p style=\"font-weight: 400;\"><span style=\"color: #000000;\">Dann um 17:00 Uhr war es so weit. Bernd der I \u00fcbergab die K\u00f6nigsinsignien an Michael I. Auch Kerstin musste Ihre Regentschaft beenden und Tina den Titel, der nun amtierenden K\u00f6nigin, \u00fcberlassen.<\/span><\/p>\n<p style=\"font-weight: 400;\"><span style=\"color: #000000;\">Es folgte der mit Freude erwartete Umtrunk mit dem K\u00f6nig und der K\u00f6nigin, zu dem G\u00e4ste und Sch\u00fctzenbr\u00fcder jeweils einen (teilweise sehr kr\u00e4ftigen) Schluck aus dem K\u00f6nigspokal, wechselseitig mit dem K\u00f6nig, zu sich nahmen. Ger\u00fcchte machten die Runde, dass stellenweise doppel- und dreifach Gratulationen beobachtet wurden.<\/span><\/p>\n<p style=\"font-weight: 400;\"><span style=\"color: #000000;\">Und anschie\u00dfend nach der 75. Gratulation (bei 30 G\u00e4sten) wurde zum \u00fcppigen K\u00f6nigsmahl gebeten. Vorspeisen, Hauptgericht, und allerlei S\u00fc\u00dfgeb\u00e4ck wurden am Buffet dargeboten.<\/span><\/p>\n<p style=\"font-weight: 400;\"><span style=\"color: #000000;\">Die Feierlichkeiten endeten laut H\u00f6rensagen in den fr\u00fchen Morgenstunden am Pfingstmontag.<\/span><\/p>\n<p>[\/et_pb_text][\/et_pb_column][\/et_pb_row][\/et_pb_section][et_pb_section fb_built=&#8220;1&#8243; _builder_version=&#8220;4.25.1&#8243; _module_preset=&#8220;default&#8220; background_color=&#8220;#D6D6D6&#8243; custom_padding=&#8220;||10px|||&#8220; global_colors_info=&#8220;{}&#8220;][et_pb_row _builder_version=&#8220;4.25.1&#8243; _module_preset=&#8220;default&#8220; global_colors_info=&#8220;{}&#8220;][et_pb_column type=&#8220;4_4&#8243; _builder_version=&#8220;4.25.1&#8243; _module_preset=&#8220;default&#8220; global_colors_info=&#8220;{}&#8220;][et_pb_gallery gallery_ids=&#8220;2669,2657,2670,2677,2658,2673,2665,2663,2675,2678,2679,2659,2661,2655,2662,2664,2692,2671,2674,2683,2684,2685,2686,2672,2676,2587,2589,2588,2680,2681,2656,2687,2688,2689,2690,2691,2660,2643,2642,2590&#8243; posts_number=&#8220;50&#8243; _builder_version=&#8220;4.25.1&#8243; _module_preset=&#8220;default&#8220; title_font_size=&#8220;11px&#8220; global_colors_info=&#8220;{}&#8220;][\/et_pb_gallery][\/et_pb_column][\/et_pb_row][\/et_pb_section]<\/p>\n","protected":false},"excerpt":{"rendered":"<p>2024 K\u00f6nig Michael I. und seine K\u00f6nigin Tina I.Das Jahr des Spie\u00dfes ist angebrochen, ob barmherzig, oder ob er mit Will und K\u00fcr regiert, werden wir mit Spannung erwarten. Alle waren gekommen um den neuen K\u00f6nig und seine liebreizende K\u00f6nigin am 19.05.2024 in den sp\u00e4ten Nachmittagsstunden in den Parkanlagen auf der Rheydter Stra\u00dfe zu kr\u00f6nen.\u00a0 [&hellip;]<\/p>\n","protected":false},"author":1,"featured_media":0,"parent":0,"menu_order":0,"comment_status":"closed","ping_status":"closed","template":"","meta":{"_et_pb_use_builder":"on","_et_pb_old_content":"","_et_gb_content_width":"","footnotes":""},"class_list":["post-2644","page","type-page","status-publish","hentry"],"_links":{"self":[{"href":"https:\/\/oifneuss.de\/wp\/wp-json\/wp\/v2\/pages\/2644","targetHints":{"allow":["GET"]}}],"collection":[{"href":"https:\/\/oifneuss.de\/wp\/wp-json\/wp\/v2\/pages"}],"about":[{"href":"https:\/\/oifneuss.de\/wp\/wp-json\/wp\/v2\/types\/page"}],"author":[{"embeddable":true,"href":"https:\/\/oifneuss.de\/wp\/wp-json\/wp\/v2\/users\/1"}],"replies":[{"embeddable":true,"href":"https:\/\/oifneuss.de\/wp\/wp-json\/wp\/v2\/comments?post=2644"}],"version-history":[{"count":18,"href":"https:\/\/oifneuss.de\/wp\/wp-json\/wp\/v2\/pages\/2644\/revisions"}],"predecessor-version":[{"id":2710,"href":"https:\/\/oifneuss.de\/wp\/wp-json\/wp\/v2\/pages\/2644\/revisions\/2710"}],"wp:attachment":[{"href":"https:\/\/oifneuss.de\/wp\/wp-json\/wp\/v2\/media?parent=2644"}],"curies":[{"name":"wp","href":"https:\/\/api.w.org\/{rel}","templated":true}]}}