{"id":1372,"date":"2020-12-12T15:47:30","date_gmt":"2020-12-12T14:47:30","guid":{"rendered":"https:\/\/oifneuss.de\/wp\/?page_id=1372"},"modified":"2020-12-13T15:33:29","modified_gmt":"2020-12-13T14:33:29","slug":"wenn-die-kirmes-fast-ausfaellt","status":"publish","type":"page","link":"https:\/\/oifneuss.de\/wp\/wenn-die-kirmes-fast-ausfaellt\/","title":{"rendered":"Kirmesplatz 2020"},"content":{"rendered":"<p>[et_pb_section fb_built=&#8220;1&#8243; _builder_version=&#8220;4.7.6&#8243; _module_preset=&#8220;default&#8220; background_image=&#8220;https:\/\/oifneuss.de\/wp\/wp-content\/uploads\/2020\/12\/HWD_8010-scaled-e1607783760236.jpg&#8220; min_height=&#8220;654px&#8220;][et_pb_row _builder_version=&#8220;4.7.6&#8243; _module_preset=&#8220;default&#8220;][et_pb_column type=&#8220;4_4&#8243; _builder_version=&#8220;4.7.6&#8243; _module_preset=&#8220;default&#8220;][et_pb_text _builder_version=&#8220;4.7.6&#8243; _module_preset=&#8220;default&#8220; hover_enabled=&#8220;0&#8243; sticky_enabled=&#8220;0&#8243;]<\/p>\n<h1><span style=\"color: #ffff00;\">\u00a0 \u00a0 \u00a0 \u00a0 \u00a0 \u00a0 \u00a0 \u00a0 \u00a0 \u00a0 \u00a0 \u00a0 \u00a0 \u00a0 \u00a0 \u00a0 \u00a0 \u00a0 \u00a0 \u00a0 \u00a0 \u00a0 \u00a0 \u00a0 \u00a0 \u00a0 \u00a0 \u00a0 \u00a0 \u00a0 \u00a0 \u00a0 \u00a0 \u00a0 \u00a0 \u00a0 \u00a0 \u00a0 \u00a0 \u00a0 \u00a0 \u00a0 \u00a0 \u00a0 \u00a0<span style=\"color: #ffffff;\"><strong>K i r m e s p l a t z \u00a0 2 0 2 0<\/strong><\/span><\/span><\/h1>\n<p>[\/et_pb_text][\/et_pb_column][\/et_pb_row][\/et_pb_section][et_pb_section fb_built=&#8220;1&#8243; _builder_version=&#8220;4.7.6&#8243; _module_preset=&#8220;default&#8220; background_color=&#8220;#b3b3b3&#8243;][et_pb_row _builder_version=&#8220;4.7.6&#8243; _module_preset=&#8220;default&#8220;][et_pb_column type=&#8220;4_4&#8243; _builder_version=&#8220;4.7.6&#8243; _module_preset=&#8220;default&#8220;][et_pb_text _builder_version=&#8220;4.7.6&#8243; _module_preset=&#8220;default&#8220;]<\/p>\n<p>Kr\u00f6nung, Sch\u00fctzenfest und Kirmes fallen 2020 bedingt durch Schutzma0nahmen zu Corona Bek\u00e4mpfung aus.<\/p>\n<p>Im Rahmen des M\u00f6glichen haben wir in Eigeninitiative unseren eigenen Kirmesplatz gestaltet.<\/p>\n<p>[\/et_pb_text][et_pb_gallery gallery_ids=&#8220;1362,1363,1364,1392,1393,1368,1403,1370,1405,1404,1367,1366,1365,1419,1407,1417,1421,1418,1411,1412,1420,1416,1415,1408,1401,1371,1409,1402,1413,1399,1398,1410,1406,1400,1395,1396,1397,1394,1414,1391&#8243; posts_number=&#8220;50&#8243; _builder_version=&#8220;4.7.6&#8243; _module_preset=&#8220;default&#8220; title_font_size=&#8220;14px&#8220; hover_enabled=&#8220;0&#8243; sticky_enabled=&#8220;0&#8243;][\/et_pb_gallery][\/et_pb_column][\/et_pb_row][\/et_pb_section]<\/p>\n","protected":false},"excerpt":{"rendered":"<p>\u00a0 \u00a0 \u00a0 \u00a0 \u00a0 \u00a0 \u00a0 \u00a0 \u00a0 \u00a0 \u00a0 \u00a0 \u00a0 \u00a0 \u00a0 \u00a0 \u00a0 \u00a0 \u00a0 \u00a0 \u00a0 \u00a0 \u00a0 \u00a0 \u00a0 \u00a0 \u00a0 \u00a0 \u00a0 \u00a0 \u00a0 \u00a0 \u00a0 \u00a0 \u00a0 \u00a0 \u00a0 \u00a0 \u00a0 \u00a0 \u00a0 \u00a0 \u00a0 \u00a0 \u00a0K i r m e s p l a t z [&hellip;]<\/p>\n","protected":false},"author":1,"featured_media":0,"parent":0,"menu_order":0,"comment_status":"closed","ping_status":"closed","template":"","meta":{"_et_pb_use_builder":"on","_et_pb_old_content":"","_et_gb_content_width":"","footnotes":""},"class_list":["post-1372","page","type-page","status-publish","hentry"],"_links":{"self":[{"href":"https:\/\/oifneuss.de\/wp\/wp-json\/wp\/v2\/pages\/1372","targetHints":{"allow":["GET"]}}],"collection":[{"href":"https:\/\/oifneuss.de\/wp\/wp-json\/wp\/v2\/pages"}],"about":[{"href":"https:\/\/oifneuss.de\/wp\/wp-json\/wp\/v2\/types\/page"}],"author":[{"embeddable":true,"href":"https:\/\/oifneuss.de\/wp\/wp-json\/wp\/v2\/users\/1"}],"replies":[{"embeddable":true,"href":"https:\/\/oifneuss.de\/wp\/wp-json\/wp\/v2\/comments?post=1372"}],"version-history":[{"count":10,"href":"https:\/\/oifneuss.de\/wp\/wp-json\/wp\/v2\/pages\/1372\/revisions"}],"predecessor-version":[{"id":1425,"href":"https:\/\/oifneuss.de\/wp\/wp-json\/wp\/v2\/pages\/1372\/revisions\/1425"}],"wp:attachment":[{"href":"https:\/\/oifneuss.de\/wp\/wp-json\/wp\/v2\/media?parent=1372"}],"curies":[{"name":"wp","href":"https:\/\/api.w.org\/{rel}","templated":true}]}}